{"id":8,"date":"2026-01-08T08:00:12","date_gmt":"2026-01-08T08:00:12","guid":{"rendered":"https:\/\/yiyong3d.ui-project.com\/?page_id=8"},"modified":"2026-02-05T08:14:45","modified_gmt":"2026-02-05T08:14:45","slug":"home","status":"publish","type":"page","link":"https:\/\/addylon.com\/fr\/","title":{"rendered":"Home"},"content":{"rendered":"<div data-elementor-type=\"wp-page\" data-elementor-id=\"8\" class=\"elementor elementor-8\" data-elementor-post-type=\"page\">\n\t\t\t\t<div class=\"elementor-element elementor-element-39acd43 e-con-full e-flex e-con e-parent\" data-id=\"39acd43\" data-element_type=\"container\">\n\t\t\t\t<div class=\"elementor-element elementor-element-638ef24 elementor--h-position-center elementor--v-position-middle elementor-arrows-position-inside elementor-pagination-position-inside elementor-widget elementor-widget-slides\" data-id=\"638ef24\" data-element_type=\"widget\" data-settings=\"{&quot;navigation&quot;:&quot;both&quot;,&quot;autoplay&quot;:&quot;yes&quot;,&quot;pause_on_hover&quot;:&quot;yes&quot;,&quot;pause_on_interaction&quot;:&quot;yes&quot;,&quot;autoplay_speed&quot;:5000,&quot;infinite&quot;:&quot;yes&quot;,&quot;transition&quot;:&quot;slide&quot;,&quot;transition_speed&quot;:500}\" data-widget_type=\"slides.default\">\n\t\t\t\t\t\t\t\t\t\t<div class=\"elementor-slides-wrapper elementor-main-swiper swiper\" role=\"region\" aria-roledescription=\"carousel\" aria-label=\"Les diapositives\" dir=\"rtl\" data-animation=\"fadeInUp\">\n\t\t\t\t<div class=\"swiper-wrapper elementor-slides\">\n\t\t\t\t\t\t\t\t\t\t<div class=\"elementor-repeater-item-f337ae9 swiper-slide\" role=\"group\" aria-roledescription=\"slide\"><div class=\"swiper-slide-bg\" role=\"img\" aria-label=\"CgAGbGin1UCAeJU4AAR2fE-8Ois283 (1) (2)\"><\/div><div class=\"swiper-slide-inner\" ><div class=\"swiper-slide-contents\"><\/div><\/div><\/div><div class=\"elementor-repeater-item-5e87943 swiper-slide\" role=\"group\" aria-roledescription=\"slide\"><div class=\"swiper-slide-bg\" role=\"img\" aria-label=\"CgAG0mN1522ABlDtAAdF4r1aV7A485\"><\/div><div class=\"swiper-slide-inner\" ><div class=\"swiper-slide-contents\"><\/div><\/div><\/div><div class=\"elementor-repeater-item-4b0068e swiper-slide\" role=\"group\" aria-roledescription=\"slide\"><div class=\"swiper-slide-bg\" role=\"img\" aria-label=\"CgAG0mN153CAGO2UAAeEGlOLo5c557\"><\/div><div class=\"swiper-slide-inner\" ><div class=\"swiper-slide-contents\"><\/div><\/div><\/div><div class=\"elementor-repeater-item-9d26351 swiper-slide\" role=\"group\" aria-roledescription=\"slide\"><div class=\"swiper-slide-bg\" role=\"img\" aria-label=\"CgAG0mN153SAFP8hAAacDlao8ak610\"><\/div><div class=\"swiper-slide-inner\" ><div class=\"swiper-slide-contents\"><\/div><\/div><\/div>\t\t\t\t<\/div>\n\t\t\t\t\t\t\t\t\t\t\t\t\t\t\t<div class=\"elementor-swiper-button elementor-swiper-button-prev\" role=\"button\" tabindex=\"0\" aria-label=\"Previous slide\" data-no-translation-aria-label=\"\">\n\t\t\t\t\t\t\t<svg aria-hidden=\"true\" class=\"e-font-icon-svg e-eicon-chevron-right\" viewbox=\"0 0 1000 1000\" xmlns=\"http:\/\/www.w3.org\/2000\/svg\"><path d=\"M696 533C708 521 713 504 713 487 713 471 708 454 696 446L400 146C388 133 375 125 354 125 338 125 325 129 313 142 300 154 292 171 292 187 292 204 296 221 308 233L563 492 304 771C292 783 288 800 288 817 288 833 296 850 308 863 321 871 338 875 354 875 371 875 388 867 400 854L696 533Z\"><\/path><\/svg>\t\t\t\t\t\t<\/div>\n\t\t\t\t\t\t<div class=\"elementor-swiper-button elementor-swiper-button-next\" role=\"button\" tabindex=\"0\" aria-label=\"Next slide\" data-no-translation-aria-label=\"\">\n\t\t\t\t\t\t\t<svg aria-hidden=\"true\" class=\"e-font-icon-svg e-eicon-chevron-left\" viewbox=\"0 0 1000 1000\" xmlns=\"http:\/\/www.w3.org\/2000\/svg\"><path d=\"M646 125C629 125 613 133 604 142L308 442C296 454 292 471 292 487 292 504 296 521 308 533L604 854C617 867 629 875 646 875 663 875 679 871 692 858 704 846 713 829 713 812 713 796 708 779 692 767L438 487 692 225C700 217 708 204 708 187 708 171 704 154 692 142 675 129 663 125 646 125Z\"><\/path><\/svg>\t\t\t\t\t\t<\/div>\n\t\t\t\t\t\t\t\t\t\t\t\t\t\t\t\t<div class=\"swiper-pagination\"><\/div>\n\t\t\t\t\t\t\t\t\t\t\t\t<\/div>\n\t\t\t\t\t\t\t\t<\/div>\n\t\t\t\t<\/div>\n\t\t<div class=\"elementor-element elementor-element-c4d30b9 e-flex e-con-boxed e-con e-parent\" data-id=\"c4d30b9\" data-element_type=\"container\">\n\t\t\t\t\t<div class=\"e-con-inner\">\n\t\t<div class=\"elementor-element elementor-element-561ed72 e-con-full e-flex e-con e-child\" data-id=\"561ed72\" data-element_type=\"container\">\n\t\t\t\t<div class=\"elementor-element elementor-element-8971c47 elementor-widget elementor-widget-heading\" data-id=\"8971c47\" data-element_type=\"widget\" data-widget_type=\"heading.default\">\n\t\t\t\t\t<h2 class=\"elementor-heading-title elementor-size-default\">PRODUIT SERVICE<\/h2>\t\t\t\t<\/div>\n\t\t\t\t<\/div>\n\t\t<div class=\"elementor-element elementor-element-856d700 e-con-full e-grid e-con e-child\" data-id=\"856d700\" data-element_type=\"container\">\n\t\t<div class=\"elementor-element elementor-element-b004ff1 e-con-full e-flex e-con e-child\" data-id=\"b004ff1\" data-element_type=\"container\">\n\t\t<a class=\"elementor-element elementor-element-da6b3aa e-con-full e-flex e-con e-child\" data-id=\"da6b3aa\" data-element_type=\"container\" data-settings=\"{&quot;background_background&quot;:&quot;classic&quot;}\" href=\"\/fr\/desktop-metal-3d-printer\/\">\n\t\t\t\t<\/a>\n\t\t<div class=\"elementor-element elementor-element-a056593 e-con-full e-flex e-con e-child\" data-id=\"a056593\" data-element_type=\"container\">\n\t\t<div class=\"elementor-element elementor-element-235914f e-con-full e-flex e-con e-child\" data-id=\"235914f\" data-element_type=\"container\">\n\t\t\t\t<div class=\"elementor-element elementor-element-12f5f83 elementor-widget elementor-widget-heading\" data-id=\"12f5f83\" data-element_type=\"widget\" data-widget_type=\"heading.default\">\n\t\t\t\t\t<h2 class=\"elementor-heading-title elementor-size-default\">Bureau en M\u00e9tal Imprimante 3D<\/h2>\t\t\t\t<\/div>\n\t\t\t\t<div class=\"elementor-element elementor-element-a4bc2b3 elementor-widget elementor-widget-text-editor\" data-id=\"a4bc2b3\" data-element_type=\"widget\" data-widget_type=\"text-editor.default\">\n\t\t\t\t\t\t\t\t\t<p>Seulement 0,38\u33a1<\/p>\t\t\t\t\t\t\t\t<\/div>\n\t\t\t\t<\/div>\n\t\t\t\t<div class=\"elementor-element elementor-element-2c20c1e elementor-widget elementor-widget-button\" data-id=\"2c20c1e\" data-element_type=\"widget\" data-widget_type=\"button.default\">\n\t\t\t\t\t\t\t\t\t\t<a class=\"elementor-button elementor-button-link elementor-size-sm\" href=\"\/fr\/desktop-metal-3d-printer\/\">\n\t\t\t\t\t\t<span class=\"elementor-button-content-wrapper\">\n\t\t\t\t\t\t\t\t\t<span class=\"elementor-button-text\">Plus<\/span>\n\t\t\t\t\t<\/span>\n\t\t\t\t\t<\/a>\n\t\t\t\t\t\t\t\t<\/div>\n\t\t\t\t<\/div>\n\t\t\t\t<\/div>\n\t\t<div class=\"elementor-element elementor-element-80f7ff4 e-con-full e-flex e-con e-child\" data-id=\"80f7ff4\" data-element_type=\"container\">\n\t\t<a class=\"elementor-element elementor-element-f9026dd e-con-full e-flex e-con e-child\" data-id=\"f9026dd\" data-element_type=\"container\" data-settings=\"{&quot;background_background&quot;:&quot;classic&quot;}\" href=\"\/fr\/dental-metal-powder\/\">\n\t\t\t\t<\/a>\n\t\t<div class=\"elementor-element elementor-element-781f8f5 e-con-full e-flex e-con e-child\" data-id=\"781f8f5\" data-element_type=\"container\">\n\t\t<div class=\"elementor-element elementor-element-678d3e9 e-con-full e-flex e-con e-child\" data-id=\"678d3e9\" data-element_type=\"container\">\n\t\t\t\t<div class=\"elementor-element elementor-element-e6be63f elementor-widget elementor-widget-heading\" data-id=\"e6be63f\" data-element_type=\"widget\" data-widget_type=\"heading.default\">\n\t\t\t\t\t<h2 class=\"elementor-heading-title elementor-size-default\">Dentaire De Poudre De M\u00e9tal<\/h2>\t\t\t\t<\/div>\n\t\t\t\t<div class=\"elementor-element elementor-element-9d0d1e3 elementor-widget elementor-widget-text-editor\" data-id=\"9d0d1e3\" data-element_type=\"widget\" data-widget_type=\"text-editor.default\">\n\t\t\t\t\t\t\t\t\t<p>\u25cf CoCr-Poudre \u25cf Ni-Poudre \u25cf Ti-Poudre<\/p>\t\t\t\t\t\t\t\t<\/div>\n\t\t\t\t<\/div>\n\t\t\t\t<div class=\"elementor-element elementor-element-fb2a7ba elementor-widget elementor-widget-button\" data-id=\"fb2a7ba\" data-element_type=\"widget\" data-widget_type=\"button.default\">\n\t\t\t\t\t\t\t\t\t\t<a class=\"elementor-button elementor-button-link elementor-size-sm\" href=\"\/fr\/dental-metal-powder\/\">\n\t\t\t\t\t\t<span class=\"elementor-button-content-wrapper\">\n\t\t\t\t\t\t\t\t\t<span class=\"elementor-button-text\">Plus<\/span>\n\t\t\t\t\t<\/span>\n\t\t\t\t\t<\/a>\n\t\t\t\t\t\t\t\t<\/div>\n\t\t\t\t<\/div>\n\t\t\t\t<\/div>\n\t\t<div class=\"elementor-element elementor-element-3a6ad93 e-con-full e-flex e-con e-child\" data-id=\"3a6ad93\" data-element_type=\"container\">\n\t\t<a class=\"elementor-element elementor-element-28d5418 e-con-full e-flex e-con e-child\" data-id=\"28d5418\" data-element_type=\"container\" data-settings=\"{&quot;background_background&quot;:&quot;classic&quot;}\" href=\"\/fr\/implant\/\">\n\t\t\t\t<\/a>\n\t\t<div class=\"elementor-element elementor-element-171aedc e-con-full e-flex e-con e-child\" data-id=\"171aedc\" data-element_type=\"container\">\n\t\t<div class=\"elementor-element elementor-element-3c5911c e-con-full e-flex e-con e-child\" data-id=\"3c5911c\" data-element_type=\"container\">\n\t\t\t\t<div class=\"elementor-element elementor-element-8f527d4 elementor-widget elementor-widget-heading\" data-id=\"8f527d4\" data-element_type=\"widget\" data-widget_type=\"heading.default\">\n\t\t\t\t\t<h2 class=\"elementor-heading-title elementor-size-default\">Implant<\/h2>\t\t\t\t<\/div>\n\t\t\t\t<div class=\"elementor-element elementor-element-1a7cbd5 elementor-widget elementor-widget-text-editor\" data-id=\"1a7cbd5\" data-element_type=\"widget\" data-widget_type=\"text-editor.default\">\n\t\t\t\t\t\t\t\t\t<p>ALT\/ABL Maillage Num\u00e9rique<\/p>\t\t\t\t\t\t\t\t<\/div>\n\t\t\t\t<\/div>\n\t\t\t\t<div class=\"elementor-element elementor-element-3079a32 elementor-widget elementor-widget-button\" data-id=\"3079a32\" data-element_type=\"widget\" data-widget_type=\"button.default\">\n\t\t\t\t\t\t\t\t\t\t<a class=\"elementor-button elementor-button-link elementor-size-sm\" href=\"\/fr\/implant\/\">\n\t\t\t\t\t\t<span class=\"elementor-button-content-wrapper\">\n\t\t\t\t\t\t\t\t\t<span class=\"elementor-button-text\">Plus<\/span>\n\t\t\t\t\t<\/span>\n\t\t\t\t\t<\/a>\n\t\t\t\t\t\t\t\t<\/div>\n\t\t\t\t<\/div>\n\t\t\t\t<\/div>\n\t\t\t\t<\/div>\n\t\t\t\t\t<\/div>\n\t\t\t\t<\/div>\n\t\t<div class=\"elementor-element elementor-element-cf6fdae e-flex e-con-boxed e-con e-parent\" data-id=\"cf6fdae\" data-element_type=\"container\">\n\t\t\t\t\t<div class=\"e-con-inner\">\n\t\t<div class=\"elementor-element elementor-element-a2d4616 e-con-full e-flex e-con e-child\" data-id=\"a2d4616\" data-element_type=\"container\">\n\t\t\t\t<div class=\"elementor-element elementor-element-6167f81 elementor-widget elementor-widget-heading\" data-id=\"6167f81\" data-element_type=\"widget\" data-widget_type=\"heading.default\">\n\t\t\t\t\t<h2 class=\"elementor-heading-title elementor-size-default\">SOLUTION<\/h2>\t\t\t\t<\/div>\n\t\t\t\t<\/div>\n\t\t<div class=\"elementor-element elementor-element-58b5513 e-con-full e-grid e-con e-child\" data-id=\"58b5513\" data-element_type=\"container\">\n\t\t<div class=\"elementor-element elementor-element-adf9b72 e-con-full e-flex e-con e-child\" data-id=\"adf9b72\" data-element_type=\"container\">\n\t\t<a class=\"elementor-element elementor-element-1b7325d e-con-full e-flex e-con e-child\" data-id=\"1b7325d\" data-element_type=\"container\" data-settings=\"{&quot;background_background&quot;:&quot;classic&quot;}\" href=\"\/fr\/fixed-denture\/\">\n\t\t\t\t<\/a>\n\t\t<div class=\"elementor-element elementor-element-6233e4c e-con-full e-flex e-con e-child\" data-id=\"6233e4c\" data-element_type=\"container\">\n\t\t<div class=\"elementor-element elementor-element-dd2d658 e-con-full e-flex e-con e-child\" data-id=\"dd2d658\" data-element_type=\"container\">\n\t\t\t\t<div class=\"elementor-element elementor-element-c52b28f elementor-widget elementor-widget-heading\" data-id=\"c52b28f\" data-element_type=\"widget\" data-widget_type=\"heading.default\">\n\t\t\t\t\t<h2 class=\"elementor-heading-title elementor-size-default\">Dentier fixe<\/h2>\t\t\t\t<\/div>\n\t\t\t\t<div class=\"elementor-element elementor-element-15e3e01 elementor-widget elementor-widget-text-editor\" data-id=\"15e3e01\" data-element_type=\"widget\" data-widget_type=\"text-editor.default\">\n\t\t\t\t\t\t\t\t\t<div class=\"xg_text p1728mdd5f3bcb15ae0662\"><p>Dentier fixe: Une solution compl\u00e8te pour l'impression 3D dentaire fixe de produits de la conception \u00e0 la serrurerie est disponible.<\/p><\/div>\t\t\t\t\t\t\t\t<\/div>\n\t\t\t\t<\/div>\n\t\t\t\t<div class=\"elementor-element elementor-element-32817c5 elementor-widget elementor-widget-button\" data-id=\"32817c5\" data-element_type=\"widget\" data-widget_type=\"button.default\">\n\t\t\t\t\t\t\t\t\t\t<a class=\"elementor-button elementor-button-link elementor-size-sm\" href=\"\/fr\/fixed-denture\/\">\n\t\t\t\t\t\t<span class=\"elementor-button-content-wrapper\">\n\t\t\t\t\t\t\t\t\t<span class=\"elementor-button-text\">Plus<\/span>\n\t\t\t\t\t<\/span>\n\t\t\t\t\t<\/a>\n\t\t\t\t\t\t\t\t<\/div>\n\t\t\t\t<\/div>\n\t\t\t\t<\/div>\n\t\t<div class=\"elementor-element elementor-element-16c8c3d e-con-full e-flex e-con e-child\" data-id=\"16c8c3d\" data-element_type=\"container\">\n\t\t<a class=\"elementor-element elementor-element-7b20010 e-con-full e-flex e-con e-child\" data-id=\"7b20010\" data-element_type=\"container\" data-settings=\"{&quot;background_background&quot;:&quot;classic&quot;}\" href=\"\/fr\/removable-denture\/\">\n\t\t\t\t<\/a>\n\t\t<div class=\"elementor-element elementor-element-dd65596 e-con-full e-flex e-con e-child\" data-id=\"dd65596\" data-element_type=\"container\">\n\t\t<div class=\"elementor-element elementor-element-20ecc70 e-con-full e-flex e-con e-child\" data-id=\"20ecc70\" data-element_type=\"container\">\n\t\t\t\t<div class=\"elementor-element elementor-element-5f51314 elementor-widget elementor-widget-heading\" data-id=\"5f51314\" data-element_type=\"widget\" data-widget_type=\"heading.default\">\n\t\t\t\t\t<h2 class=\"elementor-heading-title elementor-size-default\">Proth\u00e8se amovible<\/h2>\t\t\t\t<\/div>\n\t\t\t\t<div class=\"elementor-element elementor-element-5aef524 elementor-widget elementor-widget-text-editor\" data-id=\"5aef524\" data-element_type=\"widget\" data-widget_type=\"text-editor.default\">\n\t\t\t\t\t\t\t\t\t<p>Proth\u00e8se amovible: Une solution compl\u00e8te pour l'impression 3D de proth\u00e8ses amovibles produits de la conception de m\u00e9tal tournant est disponible.<\/p>\t\t\t\t\t\t\t\t<\/div>\n\t\t\t\t<\/div>\n\t\t\t\t<div class=\"elementor-element elementor-element-1880ed1 elementor-widget elementor-widget-button\" data-id=\"1880ed1\" data-element_type=\"widget\" data-widget_type=\"button.default\">\n\t\t\t\t\t\t\t\t\t\t<a class=\"elementor-button elementor-button-link elementor-size-sm\" href=\"\/fr\/removable-denture\/\">\n\t\t\t\t\t\t<span class=\"elementor-button-content-wrapper\">\n\t\t\t\t\t\t\t\t\t<span class=\"elementor-button-text\">Plus<\/span>\n\t\t\t\t\t<\/span>\n\t\t\t\t\t<\/a>\n\t\t\t\t\t\t\t\t<\/div>\n\t\t\t\t<\/div>\n\t\t\t\t<\/div>\n\t\t<div class=\"elementor-element elementor-element-eb3eb76 e-con-full e-flex e-con e-child\" data-id=\"eb3eb76\" data-element_type=\"container\">\n\t\t<a class=\"elementor-element elementor-element-4ea8ef4 e-con-full e-flex e-con e-child\" data-id=\"4ea8ef4\" data-element_type=\"container\" data-settings=\"{&quot;background_background&quot;:&quot;classic&quot;}\" href=\"\/fr\/registration-service\/\">\n\t\t\t\t<\/a>\n\t\t<div class=\"elementor-element elementor-element-c264cec e-con-full e-flex e-con e-child\" data-id=\"c264cec\" data-element_type=\"container\">\n\t\t<div class=\"elementor-element elementor-element-19ae132 e-con-full e-flex e-con e-child\" data-id=\"19ae132\" data-element_type=\"container\">\n\t\t\t\t<div class=\"elementor-element elementor-element-4d0f432 elementor-widget elementor-widget-heading\" data-id=\"4d0f432\" data-element_type=\"widget\" data-widget_type=\"heading.default\">\n\t\t\t\t\t<h2 class=\"elementor-heading-title elementor-size-default\">Service d'enregistrement<\/h2>\t\t\t\t<\/div>\n\t\t\t\t<div class=\"elementor-element elementor-element-3d0c84d elementor-widget elementor-widget-text-editor\" data-id=\"3d0c84d\" data-element_type=\"widget\" data-widget_type=\"text-editor.default\">\n\t\t\t\t\t\t\t\t\t<p>ALT\/ABL DiRegistration services: services d'Enregistrement pour les clients avec le service fixe ou amovible, proth\u00e8se de produits sur la base Addilon-M01 mat\u00e9riel aregital Mesh<\/p>\t\t\t\t\t\t\t\t<\/div>\n\t\t\t\t<\/div>\n\t\t\t\t<div class=\"elementor-element elementor-element-cbb9d1f elementor-widget elementor-widget-button\" data-id=\"cbb9d1f\" data-element_type=\"widget\" data-widget_type=\"button.default\">\n\t\t\t\t\t\t\t\t\t\t<a class=\"elementor-button elementor-button-link elementor-size-sm\" href=\"\/fr\/registration-service\/\">\n\t\t\t\t\t\t<span class=\"elementor-button-content-wrapper\">\n\t\t\t\t\t\t\t\t\t<span class=\"elementor-button-text\">Plus<\/span>\n\t\t\t\t\t<\/span>\n\t\t\t\t\t<\/a>\n\t\t\t\t\t\t\t\t<\/div>\n\t\t\t\t<\/div>\n\t\t\t\t<\/div>\n\t\t\t\t<\/div>\n\t\t\t\t\t<\/div>\n\t\t\t\t<\/div>\n\t\t<div class=\"elementor-element elementor-element-addb1c6 e-flex e-con-boxed e-con e-parent\" data-id=\"addb1c6\" data-element_type=\"container\">\n\t\t\t\t\t<div class=\"e-con-inner\">\n\t\t<div class=\"elementor-element elementor-element-6f66748 e-con-full e-flex e-con e-child\" data-id=\"6f66748\" data-element_type=\"container\">\n\t\t<div class=\"elementor-element elementor-element-999ac63 e-con-full e-flex e-con e-child\" data-id=\"999ac63\" data-element_type=\"container\">\n\t\t\t\t<div class=\"elementor-element elementor-element-82ca1f8 elementor-widget elementor-widget-heading\" data-id=\"82ca1f8\" data-element_type=\"widget\" data-widget_type=\"heading.default\">\n\t\t\t\t\t<h2 class=\"elementor-heading-title elementor-size-default\">Learn More<\/h2>\t\t\t\t<\/div>\n\t\t\t\t<\/div>\n\t\t\t\t<div class=\"elementor-element elementor-element-c48cf3d elementor-grid-3 elementor-grid-tablet-2 elementor-grid-mobile-1 elementor-posts--thumbnail-top elementor-posts--show-avatar elementor-card-shadow-yes elementor-posts__hover-gradient elementor-widget elementor-widget-posts\" data-id=\"c48cf3d\" data-element_type=\"widget\" data-settings=\"{&quot;cards_columns&quot;:&quot;3&quot;,&quot;cards_columns_tablet&quot;:&quot;2&quot;,&quot;cards_columns_mobile&quot;:&quot;1&quot;,&quot;cards_row_gap&quot;:{&quot;unit&quot;:&quot;px&quot;,&quot;size&quot;:35,&quot;sizes&quot;:[]},&quot;cards_row_gap_tablet&quot;:{&quot;unit&quot;:&quot;px&quot;,&quot;size&quot;:&quot;&quot;,&quot;sizes&quot;:[]},&quot;cards_row_gap_mobile&quot;:{&quot;unit&quot;:&quot;px&quot;,&quot;size&quot;:&quot;&quot;,&quot;sizes&quot;:[]}}\" data-widget_type=\"posts.cards\">\n\t\t\t\t<div class=\"elementor-widget-container\">\n\t\t\t\t\t\t\t<div class=\"elementor-posts-container elementor-posts elementor-posts--skin-cards elementor-grid\" role=\"list\">\n\t\t\t\t<article class=\"elementor-post elementor-grid-item post-1 post type-post status-publish format-standard hentry category-uncategorized\" role=\"listitem\">\n\t\t\t<div class=\"elementor-post__card\">\n\t\t\t\t<div class=\"elementor-post__text\">\n\t\t\t\t<h3 class=\"elementor-post__title\">\n\t\t\t<a href=\"https:\/\/addylon.com\/fr\/hello-world\/\" >\n\t\t\t\tBonjour tout le monde!\t\t\t<\/a>\n\t\t<\/h3>\n\t\t\t\t<div class=\"elementor-post__excerpt\">\n\t\t\t<p>Bienvenue dans WordPress. C'est votre premier post. Modifier ou supprimer, puis commencer \u00e0 \u00e9crire!<\/p>\n\t\t<\/div>\n\t\t\n\t\t<a class=\"elementor-post__read-more\" href=\"https:\/\/addylon.com\/fr\/hello-world\/\" aria-label=\"Read more about Hello world!\" tabindex=\"-1\" >\n\t\t\tLire La Suite \u00bb\t\t<\/a>\n\n\t\t\t\t<\/div>\n\t\t\t\t<div class=\"elementor-post__meta-data\">\n\t\t\t\t\t<span class=\"elementor-post-date\">\n\t\t\tjanvier 8, 2026\t\t<\/span>\n\t\t\t\t<span class=\"elementor-post-avatar\">\n\t\t\tUn commentaire\t\t<\/span>\n\t\t\t\t<\/div>\n\t\t\t\t\t<\/div>\n\t\t<\/article>\n\t\t\t\t<\/div>\n\t\t\n\t\t\t\t\t\t<\/div>\n\t\t\t\t<\/div>\n\t\t\t\t<\/div>\n\t\t\t\t\t<\/div>\n\t\t\t\t<\/div>\n\t\t<div class=\"elementor-element elementor-element-3868b71 e-flex e-con-boxed e-con e-parent\" data-id=\"3868b71\" data-element_type=\"container\">\n\t\t\t\t\t<div class=\"e-con-inner\">\n\t\t<div class=\"elementor-element elementor-element-f24b612 e-con-full e-flex e-con e-child\" data-id=\"f24b612\" data-element_type=\"container\">\n\t\t<div class=\"elementor-element elementor-element-992950a e-con-full e-flex e-con e-child\" data-id=\"992950a\" data-element_type=\"container\">\n\t\t\t\t<div class=\"elementor-element elementor-element-3c19b8a elementor-widget elementor-widget-heading\" data-id=\"3c19b8a\" data-element_type=\"widget\" data-widget_type=\"heading.default\">\n\t\t\t\t\t<h2 class=\"elementor-heading-title elementor-size-default\">\u00c0 PROPOS DE NOUS<\/h2>\t\t\t\t<\/div>\n\t\t\t\t<\/div>\n\t\t<div class=\"elementor-element elementor-element-19c3922 e-con-full e-flex e-con e-child\" data-id=\"19c3922\" data-element_type=\"container\">\n\t\t<div class=\"elementor-element elementor-element-8b70ae1 e-con-full e-flex e-con e-child\" data-id=\"8b70ae1\" data-element_type=\"container\" data-settings=\"{&quot;background_background&quot;:&quot;classic&quot;}\">\n\t\t\t\t<\/div>\n\t\t<div class=\"elementor-element elementor-element-0d9d5f8 e-con-full e-flex e-con e-child\" data-id=\"0d9d5f8\" data-element_type=\"container\">\n\t\t\t\t<div class=\"elementor-element elementor-element-131810c elementor-widget elementor-widget-text-editor\" data-id=\"131810c\" data-element_type=\"widget\" data-widget_type=\"text-editor.default\">\n\t\t\t\t\t\t\t\t\t<p><strong>Precision in Every Layer<\/strong><\/p><p>Welcome to Jinan Tongzhuo Technology&amp;Trade Co., Ltd., China\u2019s premier manufacturer of specialized in Metal 3D Printing and also a pioneer in the medical industry..We have established excellent cooperative relationships with numerous medical institutions in China and also have our own offshore company in Hong Kong.<\/p><p>\u00a0Our precision instruments are trusted by leading hospitals nationwide for their exceptional quality, innovative design, and outstanding performance. Addylon is the brand name for our company\u2019s products.<\/p><p>Addylon is equipped with international advanced gas-atomization powder production line, as well as R&amp;D and production capacity for a wide range of materials, including\u00a0<strong>Cobalt-Chrome de l'Alliage, en Alliage de Titane et Titane Pur, \u00e0 base de Nickel Superalliages, et l'Invar Acier<\/strong>. Notre technologie de pointe, y compris l'atomisation buse du syst\u00e8me et de la poudre de post-traitement, d'assurer efficacement la qualit\u00e9 de la poudre au maximum tout en fournissant le rendement en poudre.\u00a0<\/p><p>Addylon has established a long-term cooperative relationship with the National Key Engineering Laboratory of Additive Manufacturing and the National Key Engineering Laboratory of Nickel and Cobalt Alloys based on the research and development of new materials. We have formed a core competitiveness with material as the core, innovative design and equipment process development as the basis, providing customers with one-stop solutions for metal 3D printing.<\/p><p><strong>Contactez-nous<\/strong><\/p><p>Adresse\uff1aUnit\u00e9 B05, 16\/FL Haowangjiao Coin du Centre, N \u00b0 800 Minghu Ouest de la Rue, Jinan en Chine<\/p><p>Email\uff1asupport@addylon.com<br \/>T\u00e9l.:+86 131 7305 2736<br \/>Whatsapp:+86 131 7305 2736<\/p>\t\t\t\t\t\t\t\t<\/div>\n\t\t\t\t<\/div>\n\t\t\t\t<\/div>\n\t\t\t\t<\/div>\n\t\t\t\t\t<\/div>\n\t\t\t\t<\/div>\n\t\t\t\t<\/div>","protected":false},"excerpt":{"rendered":"<p>PRODUCT SERVICE Desktop Metal 3D Printer Only 0.38\u33a1 More Dental Metal Powder \u25cf CoCr-Powder\u00a0 \u00a0\u25cf Ni-Powder\u00a0 \u00a0\u25cf Ti-Powder More Implant ALT\/ABL\u00a0 \u00a0Digital Mesh More SOLUTION Fixed denture Fixed denture: A complete solution for 3D printed fixed denture products from design to metalwork is available. More \u200bRemovable denture Removable denture: A complete solution for 3D printing [&hellip;]<\/p>","protected":false},"author":1,"featured_media":0,"parent":0,"menu_order":0,"comment_status":"closed","ping_status":"closed","template":"elementor_header_footer","meta":{"footnotes":""},"class_list":["post-8","page","type-page","status-publish","hentry"],"_hostinger_reach_plugin_has_subscription_block":false,"_hostinger_reach_plugin_is_elementor":false,"_links":{"self":[{"href":"https:\/\/addylon.com\/fr\/wp-json\/wp\/v2\/pages\/8","targetHints":{"allow":["GET"]}}],"collection":[{"href":"https:\/\/addylon.com\/fr\/wp-json\/wp\/v2\/pages"}],"about":[{"href":"https:\/\/addylon.com\/fr\/wp-json\/wp\/v2\/types\/page"}],"author":[{"embeddable":true,"href":"https:\/\/addylon.com\/fr\/wp-json\/wp\/v2\/users\/1"}],"replies":[{"embeddable":true,"href":"https:\/\/addylon.com\/fr\/wp-json\/wp\/v2\/comments?post=8"}],"version-history":[{"count":137,"href":"https:\/\/addylon.com\/fr\/wp-json\/wp\/v2\/pages\/8\/revisions"}],"predecessor-version":[{"id":851,"href":"https:\/\/addylon.com\/fr\/wp-json\/wp\/v2\/pages\/8\/revisions\/851"}],"wp:attachment":[{"href":"https:\/\/addylon.com\/fr\/wp-json\/wp\/v2\/media?parent=8"}],"curies":[{"name":"wp","href":"https:\/\/api.w.org\/{rel}","templated":true}]}}