{"id":396,"date":"2026-01-13T02:59:34","date_gmt":"2026-01-13T02:59:34","guid":{"rendered":"https:\/\/yiyong3d.ui-project.com\/?page_id=396"},"modified":"2026-01-23T07:23:17","modified_gmt":"2026-01-23T07:23:17","slug":"denture-restoration-class","status":"publish","type":"page","link":"https:\/\/addylon.com\/es\/solution\/denture-restoration-class\/","title":{"rendered":"Denture restoration Class"},"content":{"rendered":"<div data-elementor-type=\"wp-page\" data-elementor-id=\"396\" class=\"elementor elementor-396\" data-elementor-post-type=\"page\">\n\t\t\t\t<div class=\"elementor-element elementor-element-4d17f3a e-flex e-con-boxed e-con e-parent\" data-id=\"4d17f3a\" data-element_type=\"container\" data-settings=\"{&quot;background_background&quot;:&quot;classic&quot;}\">\n\t\t\t\t\t<div class=\"e-con-inner\">\n\t\t\t\t\t<\/div>\n\t\t\t\t<\/div>\n\t\t<div class=\"elementor-element elementor-element-b5739f1 e-flex e-con-boxed e-con e-parent\" data-id=\"b5739f1\" data-element_type=\"container\">\n\t\t\t\t\t<div class=\"e-con-inner\">\n\t\t<div class=\"elementor-element elementor-element-8448ee8 e-con-full e-flex e-con e-child\" data-id=\"8448ee8\" data-element_type=\"container\">\n\t\t\t\t<div class=\"elementor-element elementor-element-01b85db elementor-widget elementor-widget-button\" data-id=\"01b85db\" data-element_type=\"widget\" data-widget_type=\"button.default\">\n\t\t\t\t\t\t\t\t\t\t<a class=\"elementor-button elementor-size-sm\" role=\"button\">\n\t\t\t\t\t\t<span class=\"elementor-button-content-wrapper\">\n\t\t\t\t\t\t\t\t\t<span class=\"elementor-button-text\">Pr\u00f3tesis de restauraci\u00f3n<\/span>\n\t\t\t\t\t<\/span>\n\t\t\t\t\t<\/a>\n\t\t\t\t\t\t\t\t<\/div>\n\t\t\t\t<div class=\"elementor-element elementor-element-18825e5 elementor-widget elementor-widget-button\" data-id=\"18825e5\" data-element_type=\"widget\" data-widget_type=\"button.default\">\n\t\t\t\t\t\t\t\t\t\t<a class=\"elementor-button elementor-size-sm\" role=\"button\">\n\t\t\t\t\t\t<span class=\"elementor-button-content-wrapper\">\n\t\t\t\t\t\t\t\t\t<span class=\"elementor-button-text\">Servicio De Registro De<\/span>\n\t\t\t\t\t<\/span>\n\t\t\t\t\t<\/a>\n\t\t\t\t\t\t\t\t<\/div>\n\t\t\t\t<\/div>\n\t\t<div class=\"elementor-element elementor-element-e6e63a4 e-con-full e-grid e-con e-child\" data-id=\"e6e63a4\" data-element_type=\"container\">\n\t\t<div class=\"elementor-element elementor-element-0631c4b e-con-full e-flex e-con e-child\" data-id=\"0631c4b\" data-element_type=\"container\">\n\t\t<a class=\"elementor-element elementor-element-6fe70f4 e-con-full e-flex e-con e-child\" data-id=\"6fe70f4\" data-element_type=\"container\" data-settings=\"{&quot;background_background&quot;:&quot;classic&quot;}\" href=\"\/es\/fixed-denture\/\">\n\t\t\t\t<\/a>\n\t\t<div class=\"elementor-element elementor-element-7fb0dc2 e-con-full e-flex e-con e-child\" data-id=\"7fb0dc2\" data-element_type=\"container\">\n\t\t<div class=\"elementor-element elementor-element-d07c718 e-con-full e-flex e-con e-child\" data-id=\"d07c718\" data-element_type=\"container\">\n\t\t\t\t<div class=\"elementor-element elementor-element-aab8620 elementor-widget elementor-widget-heading\" data-id=\"aab8620\" data-element_type=\"widget\" data-widget_type=\"heading.default\">\n\t\t\t\t\t<h2 class=\"elementor-heading-title elementor-size-default\">Fija la dentadura<\/h2>\t\t\t\t<\/div>\n\t\t\t\t<div class=\"elementor-element elementor-element-284a60a elementor-widget elementor-widget-text-editor\" data-id=\"284a60a\" data-element_type=\"widget\" data-widget_type=\"text-editor.default\">\n\t\t\t\t\t\t\t\t\t<div class=\"xg_text p1728mdd5f3bcb15ae0662\"><p>Fija pr\u00f3tesis: Una soluci\u00f3n completa para impresos en 3D fijo dentadura productos desde el dise\u00f1o de trabajos de cerrajer\u00eda est\u00e1 disponible.<\/p><\/div>\t\t\t\t\t\t\t\t<\/div>\n\t\t\t\t<\/div>\n\t\t\t\t<div class=\"elementor-element elementor-element-f79e6ee elementor-widget elementor-widget-button\" data-id=\"f79e6ee\" data-element_type=\"widget\" data-widget_type=\"button.default\">\n\t\t\t\t\t\t\t\t\t\t<a class=\"elementor-button elementor-button-link elementor-size-sm\" href=\"https:\/\/addylon.com\/es\/fixed-denture\/\">\n\t\t\t\t\t\t<span class=\"elementor-button-content-wrapper\">\n\t\t\t\t\t\t\t\t\t<span class=\"elementor-button-text\">M\u00e1s<\/span>\n\t\t\t\t\t<\/span>\n\t\t\t\t\t<\/a>\n\t\t\t\t\t\t\t\t<\/div>\n\t\t\t\t<\/div>\n\t\t\t\t<\/div>\n\t\t<div class=\"elementor-element elementor-element-05695f4 e-con-full e-flex e-con e-child\" data-id=\"05695f4\" data-element_type=\"container\">\n\t\t<a class=\"elementor-element elementor-element-de813f1 e-con-full e-flex e-con e-child\" data-id=\"de813f1\" data-element_type=\"container\" data-settings=\"{&quot;background_background&quot;:&quot;classic&quot;}\" href=\"\/es\/removable-denture\/\">\n\t\t\t\t<\/a>\n\t\t<div class=\"elementor-element elementor-element-9f38668 e-con-full e-flex e-con e-child\" data-id=\"9f38668\" data-element_type=\"container\">\n\t\t<div class=\"elementor-element elementor-element-4bd8e41 e-con-full e-flex e-con e-child\" data-id=\"4bd8e41\" data-element_type=\"container\">\n\t\t\t\t<div class=\"elementor-element elementor-element-25153de elementor-widget elementor-widget-heading\" data-id=\"25153de\" data-element_type=\"widget\" data-widget_type=\"heading.default\">\n\t\t\t\t\t<h2 class=\"elementor-heading-title elementor-size-default\">Pr\u00f3tesis removible<\/h2>\t\t\t\t<\/div>\n\t\t\t\t<div class=\"elementor-element elementor-element-de89276 elementor-widget elementor-widget-text-editor\" data-id=\"de89276\" data-element_type=\"widget\" data-widget_type=\"text-editor.default\">\n\t\t\t\t\t\t\t\t\t<p>Pr\u00f3tesis removible: Una soluci\u00f3n completa para la impresi\u00f3n en 3D de pr\u00f3tesis removible productos desde el dise\u00f1o de metal de inflexi\u00f3n est\u00e1 disponible.<\/p>\t\t\t\t\t\t\t\t<\/div>\n\t\t\t\t<\/div>\n\t\t\t\t<div class=\"elementor-element elementor-element-46ae202 elementor-widget elementor-widget-button\" data-id=\"46ae202\" data-element_type=\"widget\" data-widget_type=\"button.default\">\n\t\t\t\t\t\t\t\t\t\t<a class=\"elementor-button elementor-button-link elementor-size-sm\" href=\"https:\/\/addylon.com\/es\/removable-denture\/\">\n\t\t\t\t\t\t<span class=\"elementor-button-content-wrapper\">\n\t\t\t\t\t\t\t\t\t<span class=\"elementor-button-text\">M\u00e1s<\/span>\n\t\t\t\t\t<\/span>\n\t\t\t\t\t<\/a>\n\t\t\t\t\t\t\t\t<\/div>\n\t\t\t\t<\/div>\n\t\t\t\t<\/div>\n\t\t\t\t<\/div>\n\t\t\t\t\t<\/div>\n\t\t\t\t<\/div>\n\t\t\t\t<\/div>","protected":false},"excerpt":{"rendered":"<p>Denture restoration Registration Service Fixed denture Fixed denture: A complete solution for 3D printed fixed denture products from design to metalwork is available. More \u200bRemovable denture Removable denture: A complete solution for 3D printing of removable denture products from design to metal turning is available. More<\/p>","protected":false},"author":1,"featured_media":0,"parent":202,"menu_order":0,"comment_status":"closed","ping_status":"closed","template":"elementor_header_footer","meta":{"footnotes":""},"class_list":["post-396","page","type-page","status-publish","hentry"],"_hostinger_reach_plugin_has_subscription_block":false,"_hostinger_reach_plugin_is_elementor":false,"_links":{"self":[{"href":"https:\/\/addylon.com\/es\/wp-json\/wp\/v2\/pages\/396","targetHints":{"allow":["GET"]}}],"collection":[{"href":"https:\/\/addylon.com\/es\/wp-json\/wp\/v2\/pages"}],"about":[{"href":"https:\/\/addylon.com\/es\/wp-json\/wp\/v2\/types\/page"}],"author":[{"embeddable":true,"href":"https:\/\/addylon.com\/es\/wp-json\/wp\/v2\/users\/1"}],"replies":[{"embeddable":true,"href":"https:\/\/addylon.com\/es\/wp-json\/wp\/v2\/comments?post=396"}],"version-history":[{"count":19,"href":"https:\/\/addylon.com\/es\/wp-json\/wp\/v2\/pages\/396\/revisions"}],"predecessor-version":[{"id":798,"href":"https:\/\/addylon.com\/es\/wp-json\/wp\/v2\/pages\/396\/revisions\/798"}],"up":[{"embeddable":true,"href":"https:\/\/addylon.com\/es\/wp-json\/wp\/v2\/pages\/202"}],"wp:attachment":[{"href":"https:\/\/addylon.com\/es\/wp-json\/wp\/v2\/media?parent=396"}],"curies":[{"name":"wp","href":"https:\/\/api.w.org\/{rel}","templated":true}]}}