{"id":300,"date":"2026-01-09T04:14:25","date_gmt":"2026-01-09T04:14:25","guid":{"rendered":"https:\/\/yiyong3d.ui-project.com\/?page_id=300"},"modified":"2026-02-05T08:19:44","modified_gmt":"2026-02-05T08:19:44","slug":"about-us","status":"publish","type":"page","link":"https:\/\/addylon.com\/es\/about-us\/","title":{"rendered":"ACERCA DE NOSOTROS"},"content":{"rendered":"<div data-elementor-type=\"wp-page\" data-elementor-id=\"300\" class=\"elementor elementor-300\" data-elementor-post-type=\"page\">\n\t\t\t\t<div class=\"elementor-element elementor-element-dd69fb7 e-flex e-con-boxed e-con e-parent\" data-id=\"dd69fb7\" data-element_type=\"container\" data-settings=\"{&quot;background_background&quot;:&quot;classic&quot;}\">\n\t\t\t\t\t<div class=\"e-con-inner\">\n\t\t\t\t\t<\/div>\n\t\t\t\t<\/div>\n\t\t<div class=\"elementor-element elementor-element-65907fd e-flex e-con-boxed e-con e-parent\" data-id=\"65907fd\" data-element_type=\"container\">\n\t\t\t\t\t<div class=\"e-con-inner\">\n\t\t<div class=\"elementor-element elementor-element-17d5c70 e-con-full e-flex e-con e-child\" data-id=\"17d5c70\" data-element_type=\"container\">\n\t\t<div class=\"elementor-element elementor-element-d212a1e e-con-full e-flex e-con e-child\" data-id=\"d212a1e\" data-element_type=\"container\">\n\t\t<div class=\"elementor-element elementor-element-3c87e2c e-con-full e-flex e-con e-child\" data-id=\"3c87e2c\" data-element_type=\"container\" data-settings=\"{&quot;background_background&quot;:&quot;classic&quot;}\">\n\t\t\t\t<\/div>\n\t\t<div class=\"elementor-element elementor-element-55d03d7 e-con-full e-flex e-con e-child\" data-id=\"55d03d7\" data-element_type=\"container\">\n\t\t\t\t<div class=\"elementor-element elementor-element-2f97ba8 elementor-widget elementor-widget-text-editor\" data-id=\"2f97ba8\" data-element_type=\"widget\" data-widget_type=\"text-editor.default\">\n\t\t\t\t\t\t\t\t\t<p><strong>Precision in Every Layer<\/strong><\/p><p>Welcome to Jinan Tongzhuo Technology&amp;Trade Co., Ltd., China\u2019s premier manufacturer of specialized in Metal 3D Printing and also a pioneer in the medical industry..We have established excellent cooperative relationships with numerous medical institutions in China and also have our own offshore company in Hong Kong.<\/p><p>\u00a0Our precision instruments are trusted by leading hospitals nationwide for their exceptional quality, innovative design, and outstanding performance. Addylon\u00a0is the brand name for our company\u2019s products.<\/p><p>Addylon\u00a0is equipped with international advanced gas-atomization powder production line, as well as R&amp;D and production capacity for a wide range of materials, including\u00a0<strong><b>Cobalto-Cromo de la Aleaci\u00f3n, Aleaci\u00f3n de Titanio y de Titanio Puro, a base de N\u00edquel Superalloy, y de Acero Invar<\/b><\/strong>. Nuestra tecnolog\u00eda de vanguardia, incluyendo la atomizaci\u00f3n de la boquilla del sistema y polvo de procesamiento posterior, de manera efectiva de garantizar la calidad de polvo, mientras que el m\u00e1ximo se proporciona el rendimiento de la p\u00f3lvora.\u00a0<\/p><p>Addylon\u00a0has established a long-term cooperative relationship with the National Key Engineering Laboratory of Additive Manufacturing and the National Key Engineering Laboratory of Nickel and Cobalt Alloys based on the research and development of new materials. We have formed a core competitiveness with material as the core, innovative design and equipment process development as the basis, providing customers with one-stop solutions for metal 3D printing.<\/p><p><strong>P\u00f3ngase en contacto con nosotros<\/strong><\/p><p>Direcci\u00f3n: Unidad de B05, 16\/FL Haowangjiao Esquina del Centro, N\u00ba 800 Minghu de la Calle West, Jinan China<\/p><p>Email\uff1asupport@addylon.com<br \/>Tel:+86 131 7305 2736<br \/>Whatsapp:+86 131 7305 2736<\/p>\t\t\t\t\t\t\t\t<\/div>\n\t\t\t\t<\/div>\n\t\t\t\t<\/div>\n\t\t\t\t<\/div>\n\t\t\t\t\t<\/div>\n\t\t\t\t<\/div>\n\t\t<div class=\"elementor-element elementor-element-ca7a1e8 e-flex e-con-boxed e-con e-parent\" data-id=\"ca7a1e8\" data-element_type=\"container\">\n\t\t\t\t\t<div class=\"e-con-inner\">\n\t\t\t\t<div class=\"elementor-element elementor-element-4587174 elementor-widget elementor-widget-text-editor\" data-id=\"4587174\" data-element_type=\"widget\" data-widget_type=\"text-editor.default\">\n\t\t\t\t\t\t\t\t\t<p>Lorem ipsum dolor sit amet, consectetur adipiscing elit. Ut elit tellus, luctus nec ullamcorper mattis, pulvinar dapibus leo.<\/p>\t\t\t\t\t\t\t\t<\/div>\n\t\t\t\t\t<\/div>\n\t\t\t\t<\/div>\n\t\t\t\t<\/div>","protected":false},"excerpt":{"rendered":"<p>Precision in Every Layer Welcome to Jinan Tongzhuo Technology&amp;Trade Co., Ltd., China\u2019s premier manufacturer of specialized in Metal 3D Printing and also a pioneer in the medical industry..We have established excellent cooperative relationships with numerous medical institutions in China and also have our own offshore company in Hong Kong. \u00a0Our precision instruments are trusted by [&hellip;]<\/p>","protected":false},"author":1,"featured_media":0,"parent":0,"menu_order":0,"comment_status":"closed","ping_status":"closed","template":"elementor_header_footer","meta":{"footnotes":""},"class_list":["post-300","page","type-page","status-publish","hentry"],"_hostinger_reach_plugin_has_subscription_block":false,"_hostinger_reach_plugin_is_elementor":false,"_links":{"self":[{"href":"https:\/\/addylon.com\/es\/wp-json\/wp\/v2\/pages\/300","targetHints":{"allow":["GET"]}}],"collection":[{"href":"https:\/\/addylon.com\/es\/wp-json\/wp\/v2\/pages"}],"about":[{"href":"https:\/\/addylon.com\/es\/wp-json\/wp\/v2\/types\/page"}],"author":[{"embeddable":true,"href":"https:\/\/addylon.com\/es\/wp-json\/wp\/v2\/users\/1"}],"replies":[{"embeddable":true,"href":"https:\/\/addylon.com\/es\/wp-json\/wp\/v2\/comments?post=300"}],"version-history":[{"count":34,"href":"https:\/\/addylon.com\/es\/wp-json\/wp\/v2\/pages\/300\/revisions"}],"predecessor-version":[{"id":855,"href":"https:\/\/addylon.com\/es\/wp-json\/wp\/v2\/pages\/300\/revisions\/855"}],"wp:attachment":[{"href":"https:\/\/addylon.com\/es\/wp-json\/wp\/v2\/media?parent=300"}],"curies":[{"name":"wp","href":"https:\/\/api.w.org\/{rel}","templated":true}]}}